{"id":7,"date":"2026-02-22T12:20:29","date_gmt":"2026-02-22T12:20:29","guid":{"rendered":"https:\/\/peru-bat-714519.hostingersite.com\/?page_id=7"},"modified":"2026-04-20T10:59:55","modified_gmt":"2026-04-20T10:59:55","slug":"home","status":"publish","type":"page","link":"https:\/\/cititcuvoce.ro\/","title":{"rendered":"Citit cu Voce"},"content":{"rendered":"\n<p>Un loc pentru g\u00e2nduri rostite \u00eencet<\/p>\n\n\n\n<details class=\"wp-block-details is-layout-flow wp-block-details-is-layout-flow\"><summary><\/summary>\n<div class=\"wp-block-cover is-light\" style=\"min-height:100vh;aspect-ratio:unset;\"><span aria-hidden=\"true\" class=\"wp-block-cover__background has-background-dim-100 has-background-dim has-background-gradient\" style=\"background:linear-gradient(35deg,rgb(6,0,151) 0%,rgb(130,4,255) 73%,rgb(193,15,255) 100%)\"><\/span><div class=\"wp-block-cover__inner-container is-layout-flow wp-block-cover-is-layout-flow\">\n<div style=\"--spectra-z-index: 311;\" class=\"wp-block-cover alignwide has-z-index\"><img decoding=\"async\" class=\"wp-block-cover__image-background wp-image-118\" alt=\"Hero Img\" src=\"https:\/\/cititcuvoce.ro\/wp-content\/themes\/astra\/inc\/assets\/images\/starter-content\/hero-img.svg\" style=\"object-position:47% 50%\" data-object-fit=\"cover\" data-object-position=\"47% 50%\" title=\"Citit cu Voce\"><span aria-hidden=\"true\" class=\"wp-block-cover__background has-background-dim\"><\/span><div class=\"wp-block-cover__inner-container is-layout-flow wp-block-cover-is-layout-flow\">\n<p><a href=\"#\">Mintea ta este agitata? Ai nevoie de liniste? Aici te deconectezi de la zgomot.<br>Tr\u0103im \u00eentr-o lume care vorbe\u0219te repede, explic\u0103 repede \u0219i cere r\u0103spunsuri imediate. Dar unele g\u00e2nduri au nevoie de timp. Unele \u00eentreb\u0103ri au nevoie de lini\u0219te.<br>Aici vei g\u0103si episoade despre minte, sens, timp, singur\u0103tate, lini\u0219te, fric\u0103, compara\u021bie, oboseal\u0103 \u0219i lucrurile pe care le purt\u0103m \u00een noi f\u0103r\u0103 s\u0103 le spunem \u00eentotdeauna cu voce tare. Uneori sunt reflec\u021bii. Alteori sunt fragmente citite, idei explicate sau \u00eentreb\u0103ri care merit\u0103 p\u0103strate pu\u021bin mai mult \u00een minte.<br>Citit cu Voce este un loc pentru cei care nu caut\u0103 zgomot, ci claritate. Dac\u0103 ai ajuns aici, poate c\u0103 nu cau\u021bi neap\u0103rat un r\u0103spuns. Poate cau\u021bi doar un loc \u00een care s\u0103 te opre\u0219ti pu\u021bin.<\/a><\/p>\n\n\n\n<ul class=\"wp-block-list\">\n<li><\/li>\n<\/ul>\n<\/div><\/div>\n\n\n\n<div class=\"wp-block-group alignwide\"><div class=\"wp-block-group__inner-container is-layout-constrained wp-block-group-is-layout-constrained\"><\/div><\/div>\n<\/div><\/div>\n<\/details>\n\n\n\n<div class=\"wp-block-group alignfull has-ast-global-color-5-background-color has-background\" style=\"padding-bottom:0px\"><div class=\"wp-block-group__inner-container is-layout-constrained wp-container-core-group-is-layout-9ff7351d wp-block-group-is-layout-constrained\"><\/div><\/div>\n","protected":false},"excerpt":{"rendered":"<p>Un loc pentru g\u00e2nduri rostite \u00eencet<\/p>\n","protected":false},"author":1,"featured_media":2681,"parent":0,"menu_order":0,"comment_status":"closed","ping_status":"closed","template":"","meta":{"_uag_custom_page_level_css":"","footnotes":""},"class_list":["post-7","page","type-page","status-publish","has-post-thumbnail","hentry"],"_hostinger_reach_plugin_has_subscription_block":false,"_hostinger_reach_plugin_is_elementor":false,"uagb_featured_image_src":{"full":["https:\/\/cititcuvoce.ro\/wp-content\/uploads\/2026\/04\/pexels-photo-17848847-17848847-scaled-e1776521588422.jpg",2560,1596,false],"thumbnail":["https:\/\/cititcuvoce.ro\/wp-content\/uploads\/2026\/04\/pexels-photo-17848847-17848847-scaled-e1776521588422-150x150.jpg",150,150,true],"medium":["https:\/\/cititcuvoce.ro\/wp-content\/uploads\/2026\/04\/pexels-photo-17848847-17848847-scaled-e1776521588422-300x187.jpg",300,187,true],"medium_large":["https:\/\/cititcuvoce.ro\/wp-content\/uploads\/2026\/04\/pexels-photo-17848847-17848847-scaled-e1776521588422-768x479.jpg",750,468,true],"large":["https:\/\/cititcuvoce.ro\/wp-content\/uploads\/2026\/04\/pexels-photo-17848847-17848847-scaled-e1776521588422-1024x638.jpg",750,467,true],"1536x1536":["https:\/\/cititcuvoce.ro\/wp-content\/uploads\/2026\/04\/pexels-photo-17848847-17848847-scaled-e1776521588422-1536x958.jpg",1536,958,true],"2048x2048":["https:\/\/cititcuvoce.ro\/wp-content\/uploads\/2026\/04\/pexels-photo-17848847-17848847-scaled-e1776521588422-2048x1277.jpg",2048,1277,true],"the-minimal-post-thumb":["https:\/\/cititcuvoce.ro\/wp-content\/uploads\/2026\/04\/pexels-photo-17848847-17848847-scaled-e1776521588422-60x60.jpg",60,60,true],"the-minimal-feature-thumb":["https:\/\/cititcuvoce.ro\/wp-content\/uploads\/2026\/04\/pexels-photo-17848847-17848847-scaled-e1776521588422-300x220.jpg",300,220,true],"the-minimal-slider":["https:\/\/cititcuvoce.ro\/wp-content\/uploads\/2026\/04\/pexels-photo-17848847-17848847-scaled-e1776521588422-1920x500.jpg",1920,500,true],"the-minimal-slider-thumb":["https:\/\/cititcuvoce.ro\/wp-content\/uploads\/2026\/04\/pexels-photo-17848847-17848847-scaled-e1776521588422-63x46.jpg",63,46,true],"the-minimal-image-full":["https:\/\/cititcuvoce.ro\/wp-content\/uploads\/2026\/04\/pexels-photo-17848847-17848847-scaled-e1776521588422-1139x498.jpg",1139,498,true],"the-minimal-image":["https:\/\/cititcuvoce.ro\/wp-content\/uploads\/2026\/04\/pexels-photo-17848847-17848847-scaled-e1776521588422-750x400.jpg",750,400,true]},"uagb_author_info":{"display_name":"claudiamesea7@gmail.com","author_link":"https:\/\/cititcuvoce.ro\/?author=1"},"uagb_comment_info":0,"uagb_excerpt":"Un loc pentru g\u00e2nduri rostite \u00eencet","_links":{"self":[{"href":"https:\/\/cititcuvoce.ro\/index.php?rest_route=\/wp\/v2\/pages\/7","targetHints":{"allow":["GET"]}}],"collection":[{"href":"https:\/\/cititcuvoce.ro\/index.php?rest_route=\/wp\/v2\/pages"}],"about":[{"href":"https:\/\/cititcuvoce.ro\/index.php?rest_route=\/wp\/v2\/types\/page"}],"author":[{"embeddable":true,"href":"https:\/\/cititcuvoce.ro\/index.php?rest_route=\/wp\/v2\/users\/1"}],"replies":[{"embeddable":true,"href":"https:\/\/cititcuvoce.ro\/index.php?rest_route=%2Fwp%2Fv2%2Fcomments&post=7"}],"version-history":[{"count":4,"href":"https:\/\/cititcuvoce.ro\/index.php?rest_route=\/wp\/v2\/pages\/7\/revisions"}],"predecessor-version":[{"id":2701,"href":"https:\/\/cititcuvoce.ro\/index.php?rest_route=\/wp\/v2\/pages\/7\/revisions\/2701"}],"wp:featuredmedia":[{"embeddable":true,"href":"https:\/\/cititcuvoce.ro\/index.php?rest_route=\/wp\/v2\/media\/2681"}],"wp:attachment":[{"href":"https:\/\/cititcuvoce.ro\/index.php?rest_route=%2Fwp%2Fv2%2Fmedia&parent=7"}],"curies":[{"name":"wp","href":"https:\/\/api.w.org\/{rel}","templated":true}]}}